


{"id":6,"date":"2024-09-05T12:07:52","date_gmt":"2024-09-05T10:07:52","guid":{"rendered":"http:\/\/localhost:8888\/us-chateaugiron\/?page_id=6"},"modified":"2024-09-10T22:52:53","modified_gmt":"2024-09-10T20:52:53","slug":"club","status":"publish","type":"page","link":"https:\/\/www.uschateaugironfootball.fr\/?page_id=6","title":{"rendered":"Club"},"content":{"rendered":"","protected":false},"excerpt":{"rendered":"","protected":false},"author":1,"featured_media":50,"parent":0,"menu_order":0,"comment_status":"closed","ping_status":"closed","template":"club.php","meta":{"_acf_changed":false,"footnotes":""},"class_list":["post-6","page","type-page","status-publish","has-post-thumbnail","hentry"],"acf":[],"yoast_head":"<!-- This site is optimized with the Yoast SEO plugin v26.5 - https:\/\/yoast.com\/wordpress\/plugins\/seo\/ -->\n<title>Club - US Ch\u00e2teaugiron Football<\/title>\n<meta name=\"robots\" content=\"index, follow, max-snippet:-1, max-image-preview:large, max-video-preview:-1\" \/>\n<link rel=\"canonical\" href=\"https:\/\/www.uschateaugironfootball.fr\/?page_id=6\" \/>\n<meta property=\"og:locale\" content=\"fr_FR\" \/>\n<meta property=\"og:type\" content=\"article\" \/>\n<meta property=\"og:title\" content=\"Club - US Ch\u00e2teaugiron Football\" \/>\n<meta property=\"og:url\" content=\"https:\/\/www.uschateaugironfootball.fr\/?page_id=6\" \/>\n<meta property=\"og:site_name\" content=\"US Ch\u00e2teaugiron Football\" \/>\n<meta property=\"article:modified_time\" content=\"2024-09-10T20:52:53+00:00\" \/>\n<meta property=\"og:image\" content=\"https:\/\/www.uschateaugironfootball.fr\/wp-content\/uploads\/2024\/09\/image-chateaugiron-r2.jpg\" \/>\n\t<meta property=\"og:image:width\" content=\"1920\" \/>\n\t<meta property=\"og:image:height\" content=\"1082\" \/>\n\t<meta property=\"og:image:type\" content=\"image\/jpeg\" \/>\n<meta name=\"twitter:card\" content=\"summary_large_image\" \/>\n<script type=\"application\/ld+json\" class=\"yoast-schema-graph\">{\"@context\":\"https:\/\/schema.org\",\"@graph\":[{\"@type\":\"WebPage\",\"@id\":\"https:\/\/www.uschateaugironfootball.fr\/?page_id=6\",\"url\":\"https:\/\/www.uschateaugironfootball.fr\/?page_id=6\",\"name\":\"Club - US Ch\u00e2teaugiron Football\",\"isPartOf\":{\"@id\":\"https:\/\/www.uschateaugironfootball.fr\/#website\"},\"primaryImageOfPage\":{\"@id\":\"https:\/\/www.uschateaugironfootball.fr\/?page_id=6#primaryimage\"},\"image\":{\"@id\":\"https:\/\/www.uschateaugironfootball.fr\/?page_id=6#primaryimage\"},\"thumbnailUrl\":\"https:\/\/www.uschateaugironfootball.fr\/wp-content\/uploads\/2024\/09\/image-chateaugiron-r2.jpg\",\"datePublished\":\"2024-09-05T10:07:52+00:00\",\"dateModified\":\"2024-09-10T20:52:53+00:00\",\"breadcrumb\":{\"@id\":\"https:\/\/www.uschateaugironfootball.fr\/?page_id=6#breadcrumb\"},\"inLanguage\":\"fr-FR\",\"potentialAction\":[{\"@type\":\"ReadAction\",\"target\":[\"https:\/\/www.uschateaugironfootball.fr\/?page_id=6\"]}]},{\"@type\":\"ImageObject\",\"inLanguage\":\"fr-FR\",\"@id\":\"https:\/\/www.uschateaugironfootball.fr\/?page_id=6#primaryimage\",\"url\":\"https:\/\/www.uschateaugironfootball.fr\/wp-content\/uploads\/2024\/09\/image-chateaugiron-r2.jpg\",\"contentUrl\":\"https:\/\/www.uschateaugironfootball.fr\/wp-content\/uploads\/2024\/09\/image-chateaugiron-r2.jpg\",\"width\":1920,\"height\":1082,\"caption\":\"L'US Ch\u00e2teaugiron c\u00e9l\u00e9brant sa promotion en R\u00e9gional 2\"},{\"@type\":\"BreadcrumbList\",\"@id\":\"https:\/\/www.uschateaugironfootball.fr\/?page_id=6#breadcrumb\",\"itemListElement\":[{\"@type\":\"ListItem\",\"position\":1,\"name\":\"Accueil\",\"item\":\"https:\/\/www.uschateaugironfootball.fr\/\"},{\"@type\":\"ListItem\",\"position\":2,\"name\":\"Club\"}]},{\"@type\":\"WebSite\",\"@id\":\"https:\/\/www.uschateaugironfootball.fr\/#website\",\"url\":\"https:\/\/www.uschateaugironfootball.fr\/\",\"name\":\"US Ch\u00e2teaugiron Football\",\"description\":\"GOCHATO\",\"potentialAction\":[{\"@type\":\"SearchAction\",\"target\":{\"@type\":\"EntryPoint\",\"urlTemplate\":\"https:\/\/www.uschateaugironfootball.fr\/?s={search_term_string}\"},\"query-input\":{\"@type\":\"PropertyValueSpecification\",\"valueRequired\":true,\"valueName\":\"search_term_string\"}}],\"inLanguage\":\"fr-FR\"}]}<\/script>\n<!-- \/ Yoast SEO plugin. -->","yoast_head_json":{"title":"Club - US Ch\u00e2teaugiron Football","robots":{"index":"index","follow":"follow","max-snippet":"max-snippet:-1","max-image-preview":"max-image-preview:large","max-video-preview":"max-video-preview:-1"},"canonical":"https:\/\/www.uschateaugironfootball.fr\/?page_id=6","og_locale":"fr_FR","og_type":"article","og_title":"Club - US Ch\u00e2teaugiron Football","og_url":"https:\/\/www.uschateaugironfootball.fr\/?page_id=6","og_site_name":"US Ch\u00e2teaugiron Football","article_modified_time":"2024-09-10T20:52:53+00:00","og_image":[{"width":1920,"height":1082,"url":"https:\/\/www.uschateaugironfootball.fr\/wp-content\/uploads\/2024\/09\/image-chateaugiron-r2.jpg","type":"image\/jpeg"}],"twitter_card":"summary_large_image","schema":{"@context":"https:\/\/schema.org","@graph":[{"@type":"WebPage","@id":"https:\/\/www.uschateaugironfootball.fr\/?page_id=6","url":"https:\/\/www.uschateaugironfootball.fr\/?page_id=6","name":"Club - US Ch\u00e2teaugiron Football","isPartOf":{"@id":"https:\/\/www.uschateaugironfootball.fr\/#website"},"primaryImageOfPage":{"@id":"https:\/\/www.uschateaugironfootball.fr\/?page_id=6#primaryimage"},"image":{"@id":"https:\/\/www.uschateaugironfootball.fr\/?page_id=6#primaryimage"},"thumbnailUrl":"https:\/\/www.uschateaugironfootball.fr\/wp-content\/uploads\/2024\/09\/image-chateaugiron-r2.jpg","datePublished":"2024-09-05T10:07:52+00:00","dateModified":"2024-09-10T20:52:53+00:00","breadcrumb":{"@id":"https:\/\/www.uschateaugironfootball.fr\/?page_id=6#breadcrumb"},"inLanguage":"fr-FR","potentialAction":[{"@type":"ReadAction","target":["https:\/\/www.uschateaugironfootball.fr\/?page_id=6"]}]},{"@type":"ImageObject","inLanguage":"fr-FR","@id":"https:\/\/www.uschateaugironfootball.fr\/?page_id=6#primaryimage","url":"https:\/\/www.uschateaugironfootball.fr\/wp-content\/uploads\/2024\/09\/image-chateaugiron-r2.jpg","contentUrl":"https:\/\/www.uschateaugironfootball.fr\/wp-content\/uploads\/2024\/09\/image-chateaugiron-r2.jpg","width":1920,"height":1082,"caption":"L'US Ch\u00e2teaugiron c\u00e9l\u00e9brant sa promotion en R\u00e9gional 2"},{"@type":"BreadcrumbList","@id":"https:\/\/www.uschateaugironfootball.fr\/?page_id=6#breadcrumb","itemListElement":[{"@type":"ListItem","position":1,"name":"Accueil","item":"https:\/\/www.uschateaugironfootball.fr\/"},{"@type":"ListItem","position":2,"name":"Club"}]},{"@type":"WebSite","@id":"https:\/\/www.uschateaugironfootball.fr\/#website","url":"https:\/\/www.uschateaugironfootball.fr\/","name":"US Ch\u00e2teaugiron Football","description":"GOCHATO","potentialAction":[{"@type":"SearchAction","target":{"@type":"EntryPoint","urlTemplate":"https:\/\/www.uschateaugironfootball.fr\/?s={search_term_string}"},"query-input":{"@type":"PropertyValueSpecification","valueRequired":true,"valueName":"search_term_string"}}],"inLanguage":"fr-FR"}]}},"_links":{"self":[{"href":"https:\/\/www.uschateaugironfootball.fr\/index.php?rest_route=\/wp\/v2\/pages\/6","targetHints":{"allow":["GET"]}}],"collection":[{"href":"https:\/\/www.uschateaugironfootball.fr\/index.php?rest_route=\/wp\/v2\/pages"}],"about":[{"href":"https:\/\/www.uschateaugironfootball.fr\/index.php?rest_route=\/wp\/v2\/types\/page"}],"author":[{"embeddable":true,"href":"https:\/\/www.uschateaugironfootball.fr\/index.php?rest_route=\/wp\/v2\/users\/1"}],"replies":[{"embeddable":true,"href":"https:\/\/www.uschateaugironfootball.fr\/index.php?rest_route=%2Fwp%2Fv2%2Fcomments&post=6"}],"version-history":[{"count":1,"href":"https:\/\/www.uschateaugironfootball.fr\/index.php?rest_route=\/wp\/v2\/pages\/6\/revisions"}],"predecessor-version":[{"id":7,"href":"https:\/\/www.uschateaugironfootball.fr\/index.php?rest_route=\/wp\/v2\/pages\/6\/revisions\/7"}],"wp:featuredmedia":[{"embeddable":true,"href":"https:\/\/www.uschateaugironfootball.fr\/index.php?rest_route=\/wp\/v2\/media\/50"}],"wp:attachment":[{"href":"https:\/\/www.uschateaugironfootball.fr\/index.php?rest_route=%2Fwp%2Fv2%2Fmedia&parent=6"}],"curies":[{"name":"wp","href":"https:\/\/api.w.org\/{rel}","templated":true}]}}